{"id":339,"date":"2009-07-17T22:46:46","date_gmt":"2009-07-17T20:46:46","guid":{"rendered":"http:\/\/test.scoutys.de\/?page_id=339"},"modified":"2024-12-02T10:38:19","modified_gmt":"2024-12-02T09:38:19","slug":"stammeschronik","status":"publish","type":"page","link":"https:\/\/dpsg-welver.de\/?page_id=339","title":{"rendered":"Stammeschronik"},"content":{"rendered":"\n<p>1993 Gr\u00fcndung der Siedlung Welver mit 10 Mitgliedern (W\u00f6lflingsgruppe)<\/p>\n<p>Vors.= Wilhelm Oberk\u00f6nig<br>Vors.= Gerd Diermann<\/p>\n<p>Kassierer = Norbert Pospieschala<\/p>\n<p>===================================================================<\/p>\n<p>21.03.1994 Israel \u2013Dias bei Pfadfindern vorgef\u00fchrt (N. Pospieschala)<\/p>\n<p>09.-10.04.1994 Pfadfinder in Badersleben<\/p>\n<p>13.04.1994 Erster Beitragseinzug per Datenaustausch<\/p>\n<p>14.05.1994 18:30Uhr Jugendmesse der DPSG St.Bernhard<\/p>\n<p>02.06.1994 Teilnahme der DPSG an Fronleichnamsprozession<\/p>\n<p>13.-14.08.1994 W\u00f6lflinge aus Badersleben in Welver<\/p>\n<p>19.11.1994 Stufenfest<\/p>\n<p>===================================================================<\/p>\n<p>17.-21.04.1995 W\u00f6lflinge in Badersleben<\/p>\n<p>23.04.1995 Georgsmesse mit Polnischen Pfadfindern<\/p>\n<p>18.-23.04.1995 Polnische Pfadfinder in Welver<\/p>\n<p>02.-03.12.1995 Stammesfahrt M\u00f6hnesee ===================================================================<\/p>\n<p>1996 Kontaktaufnahme mit Polnischen und Lettische n Pfadfindern<\/p>\n<p>06.-13.07.1996 W\u00f6lflingslager in Laboe<\/p>\n<p>===================================================================<\/p>\n<p>20.03.1997 Treffen mit Letten und B\u00fcrgermeister im Bernhardhaus<\/p>\n<p>12.04.1997 Disco der DPSG in der B\u00f6rdehalle<\/p>\n<p>28.-30.05.1997 Polnische Pfadfinder im Bernhardhaus<\/p>\n<p>29.05.1997 Teilnahme an Fronleichnamsprozession<\/p>\n<p>30.05.-01.06.1997 DPSG Lager Bestwig, 20 Jahre Bezirk Soest-Hamm<\/p>\n<p>(Gro\u00dfes Fest mit \u00fcber 1000 Teilnehmern am Fort Fun)<\/p>\n<p>21.08.1997 Stammesurkunde<\/p>\n<p>23.-24.08.1997 Stammesernennung der DPSG Welver<\/p>\n<p>27.09.1997 Teilnahme am Schulfest der Grundschule in Welver<\/p>\n<p>===================================================================<\/p>\n<p>11.06.1998 DPSG Altar zur Fronleichnamsprozession bei Diermanns<\/p>\n<p>27.07.-08.08.1998 Internationales DPSG Lager am Distelstadion<\/p>\n<p>02.-10.10.1998 W\u00f6lflingsfahrt nach Eggerode\/Harz<\/p>\n<p>17.11.1998 Leiterrunde, Neuer 1.Vors.=Kai Uwe Kolk<\/p>\n<p>20.12.1998 Friedenslicht 19:20Uhr in Welver Bahnhof<\/p>\n<p>25.12.1998 10:30Uhr Messe mit Friedenslicht<\/p>\n<p>22.-24.05.1999 W\u00f6lflinge in Brilon<\/p>\n<p>03.06.1999 Fronleichnamsprozession<\/p>\n<p>17.-31.07.1999 D\u00e4nemarkfahrt (Stammesfahrt)<\/p>\n<p>25.09.1999 Radtour der W\u00f6lflinge in Welver<\/p>\n<p>01.11.1999 1.Allerheiligenkaffee (Idee: Susanne Schaefer\/Brigitte Pospieschala)<\/p>\n<p>===================================================================<\/p>\n<p>26.03.2000 Osterbasar<\/p>\n<p>15.-24.07.2000 W\u00f6lflingsfahrt nach Neuharlingersiel<\/p>\n<p>21.-22.10.2000 Stammesfahrt mit Stufenwechsel zur Wevelsburg<\/p>\n<p>04.-05.11.2000 Leiterwochenende in R\u00fcthen<\/p>\n<p>17.12.2000 Friedenslicht<\/p>\n<p>===================================================================<\/p>\n<p>20.02.2001 Weiterbildungsabend der Leiter im Bernhardhaus<\/p>\n<p>19.05.2001 Welver Markt, \u201eGegen Fremdenhass\u201c<\/p>\n<p>06.-19.07.2001 Stammessommerlager Westernohe<\/p>\n<p>08.09.2001 Fahrt nach Fort Fun mit Stufenwechsel<\/p>\n<p>28.-30.10.2001 Iron Scout in Sigmaringen<\/p>\n<p>24.11.2001 Brigitte Pospieschala feiert 30. Geburtstag<\/p>\n<p>*** Stammesversammlung mit anschl. Leiterrunde<\/p>\n<p>1.Vors.=Andre Diermann, 2. Vors. Susanne Schaefer<\/p>\n<p>17.12.2001 Friedenslichtgottesdienst<\/p>\n<p>===================================================================<\/p>\n<p>17.-19.05.2002 Bezirksjubil\u00e4um R\u00fcthen (SO-HAM)<\/p>\n<p>08.06.2002 Freundschaftsfest Welver Marktplatz<\/p>\n<p>25.09.2002 Stammesversammlung, Martin Zimmermann 2.Vors.<\/p>\n<p>27.-29.09.2002 Iron Scout am Bodensee<\/p>\n<p>14.12.2002 Weihnachtsfeier des Leiter<\/p>\n<p>15\/16.12.2002 Friedenlicht Abholung Brigitte Pospieschala und Martin Zimmermann \/ Gottesdienst<\/p>\n<p>==================================================================<\/p>\n<p>07.05.2002 Fronleichnahmprozession DPSG Altar an Grundschule<\/p>\n<p>12\/13.07.2003 Okum. Pfarrfest (Pfadfinder Reibepl\u00e4tzchen)<\/p>\n<p>26.07.2003 Workshop der Leiter im Bernhardhaus, Leitung Mathias M\u00fcnstermann<\/p>\n<p>2.-9.8.03 Sommerlager der W\u00f6lflinge und Pfadfinder in Westernohe<\/p>\n<p>3.-16.08.03 Juffilager in Eggerode\/Harz<\/p>\n<p>10.09.2003 Leiterrunde<\/p>\n<p>Am 24.09.2003 sollen sich die Scheidinger zum erstenmal treffen<\/p>\n<p>wegen Er\u00f6ffnung einer Scheidinder W\u00f6lflingsgruppe<\/p>\n<p>03.10.2003 10 Jahre DPSG Welver, Feierlichkeit mit Gottesdienst wegen<\/p>\n<p>schlechten Wetters im Bernhardhaus.<\/p>\n<p>Auszeichnung Georgspin an: Eberhard Klein-Doppelfeld, Gerd Diermann und Wilhelm Oberk\u00f6nig als Gr\u00fcndungmitglieder sowie Norbert Pospieschala f\u00fcr 50 Jahre Pfadfinderschaft und langj. Kassiert\u00e4tigkeit<\/p>\n<p>13.12.2003 Weihnachstfeier der Leiter<\/p>\n<p>15.12.2003 Ausssendungsgottesdienst Friedenslicht in Welver<\/p>\n<p>===================================================================<\/p>\n<p>15.05.2004 Stufenwechsel (Gemeinsam mit Scheidingen) an der Hauptschule<\/p>\n<p>23.05.2004 Teilnahme am 25j\u00e4hrigem Dienstjubil\u00e4um in Welver und am<\/p>\n<p>65. Geburtstag von Pastor E.Klein-Doppelfeld<\/p>\n<p>05.10.2004 Stammesversammlung<\/p>\n<p>Vorstandswahl: Andre Diermann &amp; Martin Zimmermann beendet<\/p>\n<p>Oliver Schaefer = 1. Vorsitzender neu gew\u00e4hlt<\/p>\n<p>27.11.2004 Bezirkskaffee im Bernhardhaus<\/p>\n<p>11.12.2004 Gottesdienst mit anschl. Weihnachtsfeier der Leiter<\/p>\n<p>12.12.2004 Friedenslicht kommt<\/p>\n<p>18.12.2004 Aussendungsgottesdienst Friedenslicht<\/p>\n<p>===================================================================<\/p>\n<p>23.04.2005 Georgstag mit Messe und Lagerfeuer<\/p>\n<p>08.05.2005 Stand mit Reibepl\u00e4tzchen und Stockbrot in Scheidingen<\/p>\n<p>zum 125j\u00e4hr. Jubil\u00e4um von Seithe<\/p>\n<p>13.-16.05.2005 Gruppen in Westernohe<\/p>\n<p>26.05.2005 Teilnahme Fronleichnamprozession<\/p>\n<p>10.-12.06.2005 ZIB 2005<\/p>\n<p>09.-23.07.2005 Sommerlager 2005, Bayern (Jettenbach)<\/p>\n<p>08.-12.09.2005 Glockenwache an den neuen Glocken von St.Bernhard<\/p>\n<p>01.-03.10.2005 Iron Scout 2005 Seeheim-Jugenheim<\/p>\n<p>30.11.2005 Stammesversammlung (Franz Schnier = 2. Vorsitzender)<\/p>\n<p>10.12.2005 Weihnachtsfeier der Leiter<\/p>\n<p>17.12.2005 Friedenslichtaussendung<\/p>\n<p>================================================================<\/p>\n<p>29.04.2006 Georgsmesse in Scheidingen<\/p>\n<p>19.-21.05.2006 ZIB in Hamm, Schloss Oberwerries<\/p>\n<p>(Abbruch am Samstag Mittag wegen Sturm\/Unwetterwarnung<\/p>\n<p>15.06.2006 Teilnahme an Fronleichnamprozession (Scheidingen)<\/p>\n<p>14.-22.07.2006 Gruppen Welver W\u00f6\/Ju\/Pf\/Ro nach Eggerode.<\/p>\n<p>26.-27.08.2006 Pfarrfest (\u00f6kum)<\/p>\n<p>16.09.2006 R\u00fcthen Feier 75Jahre DPSG \/ 40 Jahre R\u00fcthen<\/p>\n<p>===================================================================<\/p>\n<p>15.02.2007 Teilnahme der Rovergruppe (Oliver Schaefer) am Weiberfastnachtsumzug in Welver<\/p>\n<p>21.04.2007 Georgsmesse 18:30Uhr im St.Bernhard<\/p>\n<p>07.06.2007 Fronleichnam Prozession<\/p>\n<p>22.06.-06.07.2007 Sommerlager in NL, Bentveld \/ Het Naaldenfeld bei Zandvort<\/p>\n<p>Lager wurde am 30.06. abgebrochen wegen<\/p>\n<p>Kopfl\u00e4usen und Krankheits-\/Todesfall Reinhard J\u00fclicher<\/p>\n<p>der als Betreuer am Lager teilnahm.<\/p>\n<p>4.\/5.7.2007 Teilnahme am Beten und Beerdigung R.J\u00fclicher<\/p>\n<p>05.-19.07.2007 2 Rover aus Lettland zu Besuch bei den Rovern \/ Stamm<\/p>\n<p>22.07.2007 Pastor E.Klein-Doppelfeld 40j\u00e4hr. Dienstjubil\u00e4um<\/p>\n<p>17.08.2007 Wortgottesdienst der Pfadfinder zum Tode von J\u00fclicherJ\u00fclicher mit Di\u00f6zesankurat Lars Hofnagel in Scheidingen<\/p>\n<p>24.-26.08.2007 ZIB R\u00fcthen<\/p>\n<p>10.09.2007 Neues DPSG-Banner f\u00fcr feierl. Anl\u00e4sse gekauft<\/p>\n<p>15.09.2007 Fahrt zum Burgerzoo Arnheim, Sola2007<\/p>\n<p>16.09.2007 Stammesversammlung, Stufenwechsel<\/p>\n<p>Oliver Schaefer h\u00f6rt als Vorstand auf<\/p>\n<p>Susanne Krummel wird als Vorstand gew\u00e4hlt<\/p>\n<p>27.\/30.09.2007 Kirchenjubil\u00e4um St.Bernhard 300 Jahre<\/p>\n<p>07.10.2007 Pfarrwallfahrt nach Werl<\/p>\n<p>03.11.2007 Feier 10 Jahre Stamm Welver<\/p>\n<p>01.-02.12.07 Teilnahme mit Reibepl\u00e4tzchenstand am Weihnachtsmark Welver<\/p>\n<p>in Kirchwelver<\/p>\n<p>16.12.2007 Abholung Friedenslicht in Reinoldikirche Dortmund<\/p>\n<p>17.12.2007 18:30Uhr Aussendungswortgottesdienst Friedenslicht in St.Bernhard<\/p>\n<p>21.12.2007 Weihnachtsfeier der Leiter im Bernhardhaus<\/p>\n<p>Ehrung von langj\u00e4hrigen Mitgliedern mit Funktionen:<\/p>\n<p>Andre Diermann, Gerd Diermann, Wilhelm Oberk\u00f6nig, Pastor<\/p>\n<p>Klein-Doppelfeld, Kai Uwe Kolk, Norbert Pospieschala,<\/p>\n<p>Susanne Schaefer, Oliver Schaefer, Brigitte Pospieschala,<\/p>\n<p>Franz Schnier.<\/p>\n<p>22.\/23.12.07 Friedenslicht Aussendung in Scheidingen<\/p>\n<p>===================================================================<\/p>\n<p>31.01.2008 Teilnahme der Rover am Weiberfastnachtsumzug in Welver<\/p>\n<p>19.04.2008 Georgsmesse mit Weihung des neuen Banners<\/p>\n<p>22.05.2008 1. \u00f6kum. Fronleichnamsprozession in Westfalen \/ Altar bei G.Diermann \/ Norbert Pospieschala von der DPSG ist offizieller Fotograf<\/p>\n<p>07.08.2008 Einr\u00e4umen neues Materiallager (Garagendach am Kindergarten)<\/p>\n<p>20.08.2008 DPSG Familientag<\/p>\n<p>04.-07.09.2008 ZIB R\u00fcthen<\/p>\n<p>14.09.2008 Stammesversammlung<\/p>\n<p>Neuwahl des Vorstandes:<\/p>\n<p>1. Vorstand Andre Diermann<\/p>\n<p>2. Vorstand\/Kassierer Norbert Pospieschala<\/p>\n<p>3.-5.10.2008 Roverstufe der DPSG Welver (Rovergruppe von Oliver Schaefer) ist Ausrichter Iron Scout in R\u00fcthen mit \u00fcber 600 Teilnehmern<\/p>\n<p>14.12.2008 Abholung Friedenslicht in Dortmund<\/p>\n<p>15.12.2008 Aussendung des Friedenslichtes 18:30Uhr Welver<\/p>\n<p>19.12.2008 Weihnachtsfeier der Leiter in Scheidingen<\/p>\n<p>===================================================================<\/p>\n<p>09.01.2009 Bezirks Neujahrempfang in Welver<\/p>\n<p>07.-10.05.2009 72Stunden Aktion (Scheidingen)<\/p>\n<p>15.-17.05.2009 ZIB R\u00fcthen<\/p>\n<p>17.05.2009 Pastor Eberhard Klein-Doppelfeld 70.Geb.<\/p>\n<p>29.05-01-06.2009 Altrover\/Rover in Westernohe<\/p>\n<p>11.06.2009 Fronleichnamsprozession<\/p>\n<p>11.-14.06.2009 Pfadi\/Rover in FortFun<\/p>\n<p>25.07.-08.08.2009 Stammesfahrt nach Usedom (Zinnowitz)<\/p>\n<p>13.09.2009 Pfarrfest in Welver und in Scheidingen<\/p>\n<p>27.09.2009 Verabschiedung Pastor Eberhard Klein-Doppelfeld<\/p>\n<p>04.10.2009 Einf\u00fchrung Pastor Andre A\u00dfheuer<\/p>\n<p>Pastoralverbund Welver &amp; Scheidingen<\/p>\n<p>09.10.2009 Stammesversammlung<\/p>\n<p>11.10.2009 Pfarrwalfahrt nach Werl<\/p>\n<p>28.-29.11.2009 Adventmarkt rund um die Kirche (Crepesstand)<\/p>\n<p>13.12.2009 Friedenslicht Dtmd Reinoldikirche, Juffis Scheidingen<\/p>\n<p>14.12.2009 Aussendung Friedenslicht in Welver, 18:00Uhr Kirche, Stamm<\/p>\n<p>16.12.2009 \u00dcberbringung des Friedenslichtes an den Rat der Gemeinde<\/p>\n<p>19.12.2009 Weihnachtsfeier der Leiter, vorher Messe mit Banner<\/p>\n<p>===================================================================<\/p>\n<p>14.04.2010 Teilnahme am Jugendkreuzweg in Welver<\/p>\n<p>03.06.2010 Teilnahme an Fronleichnamsprozession<\/p>\n<p>03.-06.06.2010 Juffi\/Pfadi in Fort Fun (Pfadfindertage)<\/p>\n<p>11.-13.06.2010 ZIB 2010 in R\u00fcthen (ca. 70Teilnehmer vom Stamm)<\/p>\n<p>11.-12.06.2010 20 Jahre DPSG Badersleben<\/p>\n<p>10.-12.09.2010 Rover in R\u00fcthen<\/p>\n<p>19.09.2010 Pfarrfest in Welver, Pfadfinder mit Crepesstand<\/p>\n<p>01.-03.10.2010 Kirmes in Scheidingen, Pfadfinder mit Zwiebelkuchenstand<\/p>\n<p>03.10.2010 Pfarrwallfahrt Werl (Norbert Pospieschala Banner,<\/p>\n<p>Barbara und Marion J\u00fclicher)<\/p>\n<p>21.11.2010 Banner bei Firmung in Scheidingen<\/p>\n<p>23.11.2010 Banner bei Firmung (2 Messen) in Welver<\/p>\n<p>27.-28.11.2010 Crepesstand auf Welveraner Weihnachtsmarkt<\/p>\n<p>11.12.2010 Weihnachtsfeier der Leiter im Klosterkaffee<\/p>\n<p>12.12.2010 Friedenslicht aus Dortmund geholt (Kai,Gerti,Norbert)<\/p>\n<p>13.12.2010 Aussendung Friedenslicht in St.Bernhard (Vorbereitung: Andre.Diermann. und<\/p>\n<p>Susanne Schaefer)<\/p>\n<p>15.12.2010 \u00dcbergabe des Friedenslichtes an den B\u00fcrgermeister (I.Theimann) von Welver<\/p>\n<p>im Rathaus durch Norbert Pospieschala<\/p>\n<p>18.02.2011 Bowlen der Leiter in Soest<\/p>\n<p>18.03.2011 Stammesversammlung<\/p>\n<p>Norbert Pospieschala scheidet auf eigenen Wunsch aus Altersgr\u00fcnden als<\/p>\n<p>Vorstand aus. Neu als Vorstand wurde Ralf Krummel gew\u00e4hlt.<\/p>\n<p>23.06.2011 Fronleichnamprozession (Norbert P. mit Banner)<\/p>\n<p>30.7.-13.8.2011 Sommerlager Forsthof Schwarz (Mecklenburg)<\/p>\n<p>02.10.11 Pfarrwallfahrt Werl (Banner Norbert P. \/ Gerd D.)<\/p>\n<p>26.-27.11.11 Adventsmarkt Kirchwelver<\/p>\n<p>11.12.2011 Friedenslicht aus Dortmund und Aussendung in Welver<\/p>\n<p>17.12.2011 Weihnachtsfeier der Leiter<\/p>\n<p>23.03.2012 Stammesversammlung (Vorstand und Kassierer best\u00e4tigt)<\/p>\n<p>01.05.2012 Teilnahme an Theos Treckertreff in Welver-Scheidingen<\/p>\n<p>07.-10.06.2012 Stammeslager in Westernohe<\/p>\n<p>07.06.2012 Teilnahme Fronleichnamsprozession (Illingen)<\/p>\n<p>23.06.2012 Rover und Leiter helfen beim Abschlussball der Hannah Arendschule Soest<\/p>\n<p>26.08.2012 \u00f6kum. Pfarrfest in Welver (Crepesstand)<\/p>\n<p>15.09.2012 Familientag und Stufenwechsel (in Scheidingen bei Radegundis<\/p>\n<p>Meyer)<\/p>\n<p>07.10.2012 Pfarrwallfahrt Werl (Norbert Pospieschala Banner)<\/p>\n<p>&nbsp;<\/p>\n<p><br>19.11.2012 Banner in beiden Firmungsmessen (Welver und Scheidingen)<\/p>\n<p>01.-02.12.2012 Teilnahme am Adventsmarkt in Kirchwelver, Crepesstand<\/p>\n<p>15.12.2012 Weihnachtsfeier der Leiter<\/p>\n<p>16.12.2012 Abholung Friedenslicht aus Dortmund (Norbert und Gertrud P.)<\/p>\n<p>17.12.2012 Aussendung Friedenslicht St.Bernhard Welver<\/p>\n<p>15.03.2013 Stammesversammlung<\/p>\n<p>Andre Diermannn scheidet aus, neu in den Vorstand<\/p>\n<p>wurde Rafeal Studnitzky gewaehlt.<\/p>\n<p>06.-07.4.2013 Leiterwochenende auf der Huysburg<\/p>\n<p>13.-16-06.2013 72-Stunden Aktion<\/p>\n<p>10.-24.08.2013 Sommerlager<\/p>\n<p>05.09.2013 Hilfe beim Benifizkonzert der Bundeswehr in Scheidingen<\/p>\n<p>27.-28.09.2013 20 Jahre DPSG Welver geplant (auf 2014 verschoben)<\/p>\n<p>06.10.2013 Pfarrwalfahrt nach Werl, Banner Norbert P.<\/p>\n<p>30.11.-01.12.13 Adventsmarkt Kirchwelver<\/p>\n<p>14.12.2013 Weihnachtsfeier der Leiter<\/p>\n<p>15.12.2013 Friedenslicht Dtmd (Reinoldikirche)<\/p>\n<p>16.12.2013 \u00dcbergabe des Friedenslichtes (Norbert P.) an B\u00fcrgermeister und Gemeinderat<\/p>\n<p>Welver um 16:00Uhr im Rathaus<\/p>\n<p>16.12.2013 Friedenslichtaussendung in Welver, 18:00Uhr St.Bernhard<\/p>\n<p>12.01.2014 Teilnahme mit Banner (Norbert P.) am Festgottesdienst<\/p>\n<p>zur Errichtung der neuen kath. Pfarrei St. Maria Welver<\/p>\n<p>in der St. Bernhardkirche.<\/p>\n<p>07.03.2014 Stammesversammlung<\/p>\n<p>Ralf Krummel wurde als Vorstand f\u00fcr 3 Jahre wiedergew\u00e4hlt<\/p>\n<p>23.04.2014 Georgsmesse (gestaltet von den Rovern) in St. Peter und<\/p>\n<p>Paul in Scheidingen.<\/p>\n<p>04.05.2014 Besuch einer Delegation aus Welver beim 40j\u00e4hrigen<\/p>\n<p>Jubil\u00e4um der Pfadfinder in Lippborg<\/p>\n<p>18.05.2014 20j\u00e4hriges Jubil\u00e4um der Pfadfinder in Welver<\/p>\n<p>Beginnend mit der Messe um 10:45Uhr in Scheidingen<\/p>\n<p>19.06.2014 Fronleichnamsprozession Klotingen (Banner= Gerd D., Norbert P.)<\/p>\n<p>19.-22.06.14 Stammeslager im Brexbachtal<\/p>\n<p>08.09.2014 Glockenweihe Scheidingen, Messe 18:30Uhr (Banner = Norbert P.)<\/p>\n<p>05.10.2014 Pfarrwalfahrt nach Werl, Banner Norbert P.<\/p>\n<p>29.-30.11.14 Adventsmarkt in Kirchwelver<\/p>\n<p>12.12.14 Jahresabschluss Leiter und Mitarbeiter<\/p>\n<p>14.12.14 Friedenslichtabholung in Dortmund St.Josef (Gerti und Norbert P.)<\/p>\n<p>15.12.14 Friedenslichtaussendung in Welver St.Bernhard<\/p>\n<p>17.12.14 Friedenslicht an B\u00fcrgermeister und Gemeinderat von Welver durch Norbert P.<\/p>\n<p>06.03.15 Stammesversammlung<\/p>\n<p>25.04.15 Georgsmesse St. Bernhard<\/p>\n<p>27.06.-11.07.2015 Sommerlager im Altm\u00fchltal<\/p>\n<p>(Abbruch durch Unwetterschaden)<\/p>\n<p>01.08.15 Banner (Andre D.) bei Goldhochzeit Norbert und Getrud Pospieschala<\/p>\n<p>04.10.15 Banner (Norbert P.) bei Pfarrwallfahrt nach Werl<\/p>\n<p>09.-11-10.15 Rover\/Leiter Teilnahme am IronScout in Selm<\/p>\n<p>18.11.15 Nachtreff Sommerlager<\/p>\n<p>28.-29.11.15 Crepesstand auf Weihnachtsmarkt Welver<\/p>\n<p>11.12.15 Spende an Hopsiz Soest (Crepesverkauferl\u00f6s)<\/p>\n<p>12.12.15 Jahresabschluss Leiter\/Betreuer<\/p>\n<p>13.12.15 Friedenslicht aus Dortmund (Norbert und Gerti P.)<\/p>\n<p>14.12.15 Aussendung Friedenslicht Welver (Scheidingen)<\/p>\n<p>16.12.15 Friedenslicht an B\u00fcrgermeister und Gemeinderat von Welver durch Norbert P.<\/p>\n<p>23.01.16 Aufr\u00e4umen Bernhardhaus<\/p>\n<p>19.02.16 Stammesversammlung<\/p>\n<p>Raefael Studnitzky scheidet aus beruflichen Gr\u00fcnden als Vorstand aus,<\/p>\n<p>neu gew\u00e4hlt wurde Marcel Schulte<\/p>\n<p>Dorothee Topp wurde als Kuratin best\u00e4tigt<\/p>\n<p>Kassenpr\u00fcfer Werner Hansel scheidet aus, neu gew\u00e4hlt wurde,<\/p>\n<p>neu gew\u00e4hlt wurde Till Studnitzky<\/p>\n<p>04.-06.03.16 ZOK (Leiterwochenende) L\u00fcdenscheid<\/p>\n<p>01.05.16 Theos Treckertreff Scheidingen<\/p>\n<p>05.-08.05.16 Stammeslager Westernohe<\/p>\n<p>02.07.16 Jugendmesse<\/p>\n<p>Jul-Aug. 16 Renovierung Gruppenr\u00e4ume Bernhardhaus<\/p>\n<p>Neue Decke incl. Beleuchtung, Neue K\u00fcchenzeile.<\/p>\n<p>08.-10.07.16 Renovierung Gruppenr\u00e4ume Bernhardhaus<\/p>\n<p>Abbau Deckenvert\u00e4felung incl. Beleuchtung.<\/p>\n<p>Abbau der alten K\u00fcchenzeile.<\/p>\n<p>Entsorgung des Sperrm\u00fclls (K\u00fcche, St\u00fchle etc.)<\/p>\n<p>Streichen der W\u00e4nde.<\/p>\n<p>Neue Elektroinstallation (Steckdosen\/Schalte\u00b4r).<\/p>\n<p>Anfang der neuen Deckenvert\u00e4felung.<\/p>\n<p>15.-17.07.16 Renovierung Gruppenr\u00e4ume Bernhardhaus<\/p>\n<p>Streichen der W\u00e4nde.<\/p>\n<p>Fensterb\u00e4nke neu einsetzen (Waagerecht).<\/p>\n<p>Installation der neuen Decke incl. Beleuchtung.<\/p>\n<p>20.07.16 Renovierung Gruppenr\u00e4ume Bernhardhaus.<\/p>\n<p>Aufbau der neuen K\u00fcchenzeile.<\/p>\n<p>27.07.16 Renovierung Gruppenr\u00e4ume Bernhardhaus<\/p>\n<p>Aufbau der neuen K\u00fcchenzeile.<\/p>\n<p>Fertigstellung der Deckenvert\u00e4felung.<\/p>\n<p>30.07.16 Renovierung Gruppenr\u00e4ume Bernhardhaus<\/p>\n<p>Reinigung der Gruppenr\u00e4ume.<\/p>\n<p>Entsorgung des Sperrm\u00fclls (Rest).<\/p>\n<p>Aug. 2016 Restarbeiten an den Jugendr\u00e4umen im Bernhardhaus<\/p>\n<p>30.09.03.10.16 Iron Scout Paderborn<\/p>\n<p>02.10.16 Banner (Norbert P.) bei Pfarrwallfahrt nach Werl<\/p>\n<p>07.10.16 Helferfete, Bernhardhausrenovierung<\/p>\n<p>26.-27.11.16 Weihnachtsmarkt Welver<\/p>\n<p>10.12.16 Jahresabschluss\/Weihnachtsfeier der Leiter<\/p>\n<p>11.12.16 Abholung Friedenslicht in Dortmund (Gerti u. Norbert P.)<\/p>\n<p>12.12.16 Aussendung Friedenslicht in Welver St. Bernhard Kirche<\/p>\n<p>14.12.16 Friedenslicht an Gemeinde Welver, B\u00fcrgermeister und<\/p>\n<p>Gemeinderat durch Norbert P.<\/p>\n<p>17.02.17 Stammesversammlung\/Stufenwechsel<\/p>\n<p>24.-26.03.17 ZOK (Leiterwochenende)<\/p>\n<p>22.04.17 Georgsmesse 18:00Uhr<\/p>\n<p>10.05.17 Infoabend Sommerlager<\/p>\n<p>13.-14.05.15 Spielplatzrenovierung Scheidingen<\/p>\n<p>15.06.17 Fronleichnamsprozession<\/p>\n<p>15.-29.07.17 Sommerlager Falkencamp Schwangau<\/p>\n<p>02.-03.1217 Weihnachtsmarkt Welver<\/p>\n<p>08.12.17 Jahresabschluss\/Weihnachtsfeier der Leiter\/Betreuer<\/p>\n<p>17.12.17 Friedenslicht aus Dortmund holen<\/p>\n<p>18.12.17 Aussendung Friedenslicht in Welver<\/p>\n<p>24.01.18 Leiterrunde<\/p>\n<p>16.02.18 Stammesversammlung<\/p>\n<p>Auszeichnung Georgspin wurde verliehen an:<\/p>\n<p>Ralf Krummel<\/p>\n<p>Marcel Schulte<\/p>\n<p>16.-18.03.18 ZOK Seehause<\/p>\n<p>01.05.15 Theos Treckertreff in Scheidingen<\/p>\n<p>06.05.18 Spielplatzeinweihung Scheidingen<\/p>\n<p>10.-13.05.18 Kurzlager in R\u00fcthen<\/p>\n<p>31.05.18 Fronleichnam<\/p>\n<p>07.12.18 Weihnachtsfeier der Leiter\/Betreuer<\/p>\n<p>16.12.18 Friedenslicht aus Dortmund holen<\/p>\n<p>17.12.18 Friedenslicht 18:00Uhr St.Bernhard Welver<\/p>\n<p>21.02.19 Stammesversammlung<\/p>\n<p>Marcel Schulte h\u00f6rt als Vorstand auf<\/p>\n<p>Laura Gantenbrinker als Vorstand neu gew\u00e4hlt<\/p>\n<p>22.-24.03.19 ZOK Seehause, M\u00f6hnesee<\/p>\n<p>22.04.19 Georgsmesse<\/p>\n<p>10.-12.05.19 Gruppenfahrt (W\u00f6lflinge)<\/p>\n<p>23.-26.05.19 72Stunden Aktion<\/p>\n<p>20.06.19 Fronleichnamprozession<\/p>\n<p>26.06.19 Infoabend Sola, anschl. Leiterrunde<\/p>\n<p>05.-07.07.19 Gruppenfahrt (Pfadis)<\/p>\n<p>10.-24.08.19 Sommerlager<\/p>\n<p>04.09.19 Crepesstand Abendmarkt Welver<\/p>\n<p>06.12.19 Weihnachtsfeier der Leiter\/Betreuer<\/p>\n<p>15.12.19 Friedenslicht aus Dortmund holen (Norbert und Gerti)<\/p>\n<p>16.12.19 Friedenslichtaussendung Welver<\/p>\n<p>07.02.20 Stammesversammlung<\/p>\n<p>Ralf Krummel h\u00f6rt als Vorstand auf<\/p>\n<p>Carmen Plattfaut als Vorstand neu gew\u00e4hlt<\/p>\n<p>06.-08.03.20 Neujahrsempfang\/H\u00fcttenwochenende Vorst\u00e4nde<\/p>\n<p>Carmen Plattfaut und Laura Gantenbrinker<\/p>\n<p>10.03.20 Gruppenstunden bis auf weiteres abgesagt, Coronavirus<\/p>\n<p>28.03.20 Leiterbildung ** verschoben auf Herbst<\/p>\n<p>01.04.20 Abendmarkt Welver ** abgesagt, Coronavirus<\/p>\n<p>03.06.20 Abendmarkt Welve ** abgesagt, Coronavirus<\/p>\n<p>07.06.20 Familientag mit Stufenwechsel ** abgesagt, Coronavirus<\/p>\n<p>29.06.-03.07. Juffi Zeltlager 41844 Wegberg, St. Georg Zeltplatz ** abgesagt, Coronavirus<\/p>\n<p>09.09.20 Gertrud (Gerti) Pospieschala, Mitglied und Friedenlichtbotin verstorben.<\/p>\n<p>02.-04.10.20 Iron Scout in Rothmannsthal ** abgesagt, Corona<\/p>\n<p>24.10.20 Teilnahme mit Banner am 6Wochenamt f\u00fcr Gertrud (Gerti) Pospieschala in St. Peter und Paul Scheidingen.<\/p>\n<p>04.12.20 Weihnachtsfeier des Leitungsteams, **abgesagt, Corona<\/p>\n<p>13.12.20 Friedenslicht aus Dortmund holen, ** abgesagt, Corona<\/p>\n<p>14.12.20 Friedenlicht 18:00Uhr St. Bernhard Welver<\/p>\n<p>19.03.21 Stammesversammlung (abgesagt wegen Corona)<\/p>\n<p>03.06.21 Teilnahme an Frohleichnam Messe und 20j\u00e4hrigem<\/p>\n<p>Priesterjubil\u00e4um von Andre Assheuer im Bibelgarten<\/p>\n<p>mit Banner (N.P.)<\/p>\n<p>01.09.21 Abendmarkt Welver<\/p>\n<p>06.09.21 Stammesversammlung f\u00fcr 2020<\/p>\n<p>Wiederwahl von Dorothe Topp als Kuratin<\/p>\n<p>15.09.21 Gro\u00dfer Wasserschaden im BH verursacht durch den Durchlauf-<\/p>\n<p>erhitzer in der K\u00fcche der DPSG<\/p>\n<p>12.12.21 Abholung Friedenslicht in Dortmund durch N. und B. Pospieschala<\/p>\n<p>13.12.21 Aussendung Friedenslicht Welver, Scheidingen<\/p>\n<p>22.01.22 Jahresabschlussabend 2021 der Leiter<\/p>\n<p>27.02.22 Friedensgebet St. Bernhard<\/p>\n<p>06.03.22 Friedensgebet St. Bernhard<\/p>\n<p>14.03.22 Stammesversammlung f\u00fcr 2021<\/p>\n<p>Laura Gantenbrinker scheidet als Vorstand aus,<\/p>\n<p>neu gew\u00e4hlt wurde Lara Tillmann<\/p>\n<p>Als 2.Kassierer wurde Andre Diermann ernannt.<\/p>\n<p>04.05.22 Abendmarkt Welver<\/p>\n<p>21.05.22 Erste Hilfe Kurs<\/p>\n<p>01.06.22 Abendmarkt Welver<\/p>\n<p>29.06.-09.07.22 Stammeslager Steinbachtalsperre<\/p>\n<p>07.09.22 Abendmarkt Welver (abgemeldet)<\/p>\n<p>26.-27.11.22 Weihnachtsmarkt Kyffh\u00e4user<\/p>\n<p>11.12.22 Abholung Friedenslicht in Dortmund durch Norbert P.<\/p>\n<p>12.12.22 Friedenslicht in St. Bernhard Welver<\/p>\n<p>10.02.23 Fr\u00fchjahrfest der Leiterrunde<\/p>\n<p>24.02.23 Stammesversammlung<\/p>\n<p>Carmen Plattfaut scheidet als Vorstand aus,<\/p>\n<p>Jan Philip Dreher neu gew\u00e4hlt<\/p>\n<p>25.03.23 Leitertag<\/p>\n<p>03.05.23 Abendmarkt<\/p>\n<p>19.-21.05.23 Gruppenfahrt nach Westernohe (Gruppe A.Diermann)<\/p>\n<p>26.-29.05.23 Gruppenfahrt nach Westernohe (Gruppe J.P. Dreher)<\/p>\n<p>07.06.23 Abendmarkt Welver<\/p>\n<p>10.-12.08.23 Stufenlager W\u00f6lflinge (Lara Tillmann), DPSG-Haus Meschede<\/p>\n<p>15.-17.09.23 Stufenlager Juffis (Jan P. Dreher) in Olsberg<\/p>\n<p>27.10.23 Stufenwechsel<\/p>\n<p>11.-12.12.23 Vorfahrt Sola2024, Niklas Hansel<\/p>\n<p>17.12.23 Abhholung Friedenslicht aus Dortmund, B. und N. Pospieschala<\/p>\n<p>18.12.23 Aussendungsfeier Friedenslicht in Welver-Scheidingen<\/p>\n<p>Jan. 2024 Nach 30 Jahren \u00fcbernimmt Andre Diermann von Norbert<\/p>\n<p>Pospieschala die Kassenf\u00fchrung und die Sammelbestellung<\/p>\n<p>beim R\u00fcsthaus.<\/p>\n<p>16.02.24 Fr\u00fchjahrsfete der Leiter bei Adi und Tina Nuhanovic<\/p>\n<p>29.02.24 Stammesversammlung<\/p>\n<p>Mai 24 Gruppe Jan Dreher in Westernohe<\/p>\n<p>04.06.24 Spende von Scheidinger Sch\u00fctzen erhalten<\/p>\n<p>Juni 24 Gruppe mit Jan D. und N. Hansel auf Tour<\/p>\n<p>29.09.24 Hilfe bei Einf\u00fchrung Gemeindereferentin H. Buschulte<\/p>\n<p>30.11.-01.12. Crepesstand auf XMAS-Markt Welver<\/p>\n<p>15.12.24 Friedenslicht Dortmund abholen, N. und B. Pospieschala<\/p>\n<p>16.12.24 Friedenslichtaussendung Welver-Scheidingen<\/p>\n<p>&nbsp;<\/p>\n\n\n","protected":false},"excerpt":{"rendered":"<p>1993 Gr\u00fcndung der Siedlung Welver mit 10 Mitgliedern (W\u00f6lflingsgruppe) Vors.= Wilhelm Oberk\u00f6nigVors.= Gerd Diermann Kassierer = Norbert Pospieschala =================================================================== 21.03.1994 Israel \u2013Dias bei Pfadfindern vorgef\u00fchrt (N. Pospieschala) 09.-10.04.1994 Pfadfinder in&#8230;<\/p>\n","protected":false},"author":1,"featured_media":0,"parent":335,"menu_order":200,"comment_status":"closed","ping_status":"closed","template":"","meta":{"ngg_post_thumbnail":0,"footnotes":""},"class_list":["post-339","page","type-page","status-publish","hentry"],"_links":{"self":[{"href":"https:\/\/dpsg-welver.de\/index.php?rest_route=\/wp\/v2\/pages\/339","targetHints":{"allow":["GET"]}}],"collection":[{"href":"https:\/\/dpsg-welver.de\/index.php?rest_route=\/wp\/v2\/pages"}],"about":[{"href":"https:\/\/dpsg-welver.de\/index.php?rest_route=\/wp\/v2\/types\/page"}],"author":[{"embeddable":true,"href":"https:\/\/dpsg-welver.de\/index.php?rest_route=\/wp\/v2\/users\/1"}],"replies":[{"embeddable":true,"href":"https:\/\/dpsg-welver.de\/index.php?rest_route=%2Fwp%2Fv2%2Fcomments&post=339"}],"version-history":[{"count":4,"href":"https:\/\/dpsg-welver.de\/index.php?rest_route=\/wp\/v2\/pages\/339\/revisions"}],"predecessor-version":[{"id":3979,"href":"https:\/\/dpsg-welver.de\/index.php?rest_route=\/wp\/v2\/pages\/339\/revisions\/3979"}],"up":[{"embeddable":true,"href":"https:\/\/dpsg-welver.de\/index.php?rest_route=\/wp\/v2\/pages\/335"}],"wp:attachment":[{"href":"https:\/\/dpsg-welver.de\/index.php?rest_route=%2Fwp%2Fv2%2Fmedia&parent=339"}],"curies":[{"name":"wp","href":"https:\/\/api.w.org\/{rel}","templated":true}]}}