{"id":272,"date":"2009-07-17T19:34:35","date_gmt":"2009-07-17T17:34:35","guid":{"rendered":"http:\/\/test.scoutys.de\/?page_id=272"},"modified":"2024-11-25T15:04:01","modified_gmt":"2024-11-25T14:04:01","slug":"aktionen-2008","status":"publish","type":"page","link":"https:\/\/dpsg-welver.de\/?page_id=272","title":{"rendered":"Aktionen 2008"},"content":{"rendered":"\n<figure class=\"wp-block-table is-style-stripes\"><table class=\"has-fixed-layout\"><tbody><tr><th>Datum<\/th><th>Aktion<\/th><\/tr><tr><td>22.05.2008<\/td><td>Frohnleichnamsprozession<\/td><\/tr><tr><td>19.07 &#8211; 26.07<\/td><td><a href=\"..\/?p=296\">Sommerfahrt der Jungpfadfinder<\/a><\/td><\/tr><tr><td>03.10 &#8211; 05.10<\/td><td>Ironscout in R\u00fcthen (Orga durch Rover)<\/td><\/tr><tr><td>&nbsp;<\/td><td>ZiB M\u00e4rchenhaftes in R\u00fcthen<\/td><\/tr><tr><td>&nbsp;<\/td><td>Pfarrfest<\/td><\/tr><tr><td>&nbsp;<\/td><td>Familientag<\/td><\/tr><\/tbody><\/table><\/figure>\n","protected":false},"excerpt":{"rendered":"<p>Datum Aktion 22.05.2008 Frohnleichnamsprozession 19.07 &#8211; 26.07 Sommerfahrt der Jungpfadfinder 03.10 &#8211; 05.10 Ironscout in R\u00fcthen (Orga durch Rover) &nbsp; ZiB M\u00e4rchenhaftes in R\u00fcthen &nbsp; Pfarrfest &nbsp; Familientag<\/p>\n","protected":false},"author":1,"featured_media":0,"parent":240,"menu_order":2008,"comment_status":"closed","ping_status":"closed","template":"","meta":{"ngg_post_thumbnail":0,"footnotes":""},"class_list":["post-272","page","type-page","status-publish","hentry"],"_links":{"self":[{"href":"https:\/\/dpsg-welver.de\/index.php?rest_route=\/wp\/v2\/pages\/272","targetHints":{"allow":["GET"]}}],"collection":[{"href":"https:\/\/dpsg-welver.de\/index.php?rest_route=\/wp\/v2\/pages"}],"about":[{"href":"https:\/\/dpsg-welver.de\/index.php?rest_route=\/wp\/v2\/types\/page"}],"author":[{"embeddable":true,"href":"https:\/\/dpsg-welver.de\/index.php?rest_route=\/wp\/v2\/users\/1"}],"replies":[{"embeddable":true,"href":"https:\/\/dpsg-welver.de\/index.php?rest_route=%2Fwp%2Fv2%2Fcomments&post=272"}],"version-history":[{"count":1,"href":"https:\/\/dpsg-welver.de\/index.php?rest_route=\/wp\/v2\/pages\/272\/revisions"}],"predecessor-version":[{"id":3924,"href":"https:\/\/dpsg-welver.de\/index.php?rest_route=\/wp\/v2\/pages\/272\/revisions\/3924"}],"up":[{"embeddable":true,"href":"https:\/\/dpsg-welver.de\/index.php?rest_route=\/wp\/v2\/pages\/240"}],"wp:attachment":[{"href":"https:\/\/dpsg-welver.de\/index.php?rest_route=%2Fwp%2Fv2%2Fmedia&parent=272"}],"curies":[{"name":"wp","href":"https:\/\/api.w.org\/{rel}","templated":true}]}}