{"id":266,"date":"2009-07-17T19:33:51","date_gmt":"2009-07-17T17:33:51","guid":{"rendered":"http:\/\/test.scoutys.de\/?page_id=266"},"modified":"2024-11-25T15:03:07","modified_gmt":"2024-11-25T14:03:07","slug":"aktionen-2005","status":"publish","type":"page","link":"https:\/\/dpsg-welver.de\/?page_id=266","title":{"rendered":"Aktionen 2005"},"content":{"rendered":"\n<figure class=\"wp-block-table is-style-stripes\"><table class=\"has-fixed-layout\"><tbody><tr><th>Datum<\/th><th>Aktion<\/th><\/tr><tr><td>&nbsp;<\/td><td>Stufenfahrt Rover R\u00fcthen<\/td><\/tr><tr><td>&nbsp;<\/td><td>Stufenfahrt Jungpfadfinder R\u00fcthen<\/td><\/tr><tr><td>&nbsp;<\/td><td>Osterbasar<\/td><\/tr><tr><td>&nbsp;<\/td><td>ZiB Erde R\u00fcthen<\/td><\/tr><tr><td>&nbsp;<\/td><td>Pfingstlager der Altrover in Westernohe<\/td><\/tr><tr><td>&nbsp;<\/td><td>Stammeslager Obermeierhof Bayern<\/td><\/tr><tr><td>&nbsp;<\/td><td>Rovercamp R\u00fcthen<\/td><\/tr><tr><td>&nbsp;<\/td><td>Glockenwache<\/td><\/tr><tr><td>&nbsp;<\/td><td>Osterbasar<\/td><\/tr><tr><td>&nbsp;<\/td><td>Pfarrfest<\/td><\/tr><\/tbody><\/table><\/figure>\n","protected":false},"excerpt":{"rendered":"<p>Datum Aktion &nbsp; Stufenfahrt Rover R\u00fcthen &nbsp; Stufenfahrt Jungpfadfinder R\u00fcthen &nbsp; Osterbasar &nbsp; ZiB Erde R\u00fcthen &nbsp; Pfingstlager der Altrover in Westernohe &nbsp; Stammeslager Obermeierhof Bayern &nbsp; Rovercamp R\u00fcthen &nbsp;&#8230;<\/p>\n","protected":false},"author":1,"featured_media":0,"parent":240,"menu_order":2005,"comment_status":"closed","ping_status":"closed","template":"","meta":{"ngg_post_thumbnail":0,"footnotes":""},"class_list":["post-266","page","type-page","status-publish","hentry"],"_links":{"self":[{"href":"https:\/\/dpsg-welver.de\/index.php?rest_route=\/wp\/v2\/pages\/266","targetHints":{"allow":["GET"]}}],"collection":[{"href":"https:\/\/dpsg-welver.de\/index.php?rest_route=\/wp\/v2\/pages"}],"about":[{"href":"https:\/\/dpsg-welver.de\/index.php?rest_route=\/wp\/v2\/types\/page"}],"author":[{"embeddable":true,"href":"https:\/\/dpsg-welver.de\/index.php?rest_route=\/wp\/v2\/users\/1"}],"replies":[{"embeddable":true,"href":"https:\/\/dpsg-welver.de\/index.php?rest_route=%2Fwp%2Fv2%2Fcomments&post=266"}],"version-history":[{"count":1,"href":"https:\/\/dpsg-welver.de\/index.php?rest_route=\/wp\/v2\/pages\/266\/revisions"}],"predecessor-version":[{"id":3921,"href":"https:\/\/dpsg-welver.de\/index.php?rest_route=\/wp\/v2\/pages\/266\/revisions\/3921"}],"up":[{"embeddable":true,"href":"https:\/\/dpsg-welver.de\/index.php?rest_route=\/wp\/v2\/pages\/240"}],"wp:attachment":[{"href":"https:\/\/dpsg-welver.de\/index.php?rest_route=%2Fwp%2Fv2%2Fmedia&parent=266"}],"curies":[{"name":"wp","href":"https:\/\/api.w.org\/{rel}","templated":true}]}}