{"id":2079,"date":"2018-05-19T17:31:53","date_gmt":"2018-05-19T15:31:53","guid":{"rendered":"https:\/\/www.dpsg-welver.de\/?page_id=2079"},"modified":"2018-05-19T17:31:53","modified_gmt":"2018-05-19T15:31:53","slug":"2079-2","status":"publish","type":"page","link":"https:\/\/dpsg-welver.de\/?page_id=2079","title":{"rendered":"?"},"content":{"rendered":"<p>Unter diesem Men\u00fcpunkt k\u00f6nnen unser Impressum und die Datenschutzerkl\u00e4rungen eingesehen werden.<\/p>\n","protected":false},"excerpt":{"rendered":"<p>Unter diesem Men\u00fcpunkt k\u00f6nnen unser Impressum und die Datenschutzerkl\u00e4rungen eingesehen werden.<\/p>\n","protected":false},"author":1,"featured_media":0,"parent":0,"menu_order":10000,"comment_status":"closed","ping_status":"closed","template":"","meta":{"ngg_post_thumbnail":0,"footnotes":""},"class_list":["post-2079","page","type-page","status-publish","hentry"],"_links":{"self":[{"href":"https:\/\/dpsg-welver.de\/index.php?rest_route=\/wp\/v2\/pages\/2079","targetHints":{"allow":["GET"]}}],"collection":[{"href":"https:\/\/dpsg-welver.de\/index.php?rest_route=\/wp\/v2\/pages"}],"about":[{"href":"https:\/\/dpsg-welver.de\/index.php?rest_route=\/wp\/v2\/types\/page"}],"author":[{"embeddable":true,"href":"https:\/\/dpsg-welver.de\/index.php?rest_route=\/wp\/v2\/users\/1"}],"replies":[{"embeddable":true,"href":"https:\/\/dpsg-welver.de\/index.php?rest_route=%2Fwp%2Fv2%2Fcomments&post=2079"}],"version-history":[{"count":0,"href":"https:\/\/dpsg-welver.de\/index.php?rest_route=\/wp\/v2\/pages\/2079\/revisions"}],"wp:attachment":[{"href":"https:\/\/dpsg-welver.de\/index.php?rest_route=%2Fwp%2Fv2%2Fmedia&parent=2079"}],"curies":[{"name":"wp","href":"https:\/\/api.w.org\/{rel}","templated":true}]}}