{"id":19,"date":"2009-07-15T12:10:29","date_gmt":"2009-07-15T10:10:29","guid":{"rendered":"http:\/\/test.scoutys.de\/?page_id=19"},"modified":"2009-07-15T12:10:29","modified_gmt":"2009-07-15T10:10:29","slug":"wolflinge","status":"publish","type":"page","link":"https:\/\/dpsg-welver.de\/?page_id=19","title":{"rendered":"W\u00f6lflinge"},"content":{"rendered":"<h1 style=\"text-align: center\"><span style=\"color: #ff9900\"><strong>W\u00f6lflinge<\/strong><\/span><\/h1>\n<p>&nbsp;<\/p>\n<p><span style=\"font-size: large;color: #800080\">Geplante Aktionen f\u00fcr 2011\/2012<br \/>\n<\/span><\/p>\n<p>F\u00fcr folgende Gruppenstunden haben wir uns gro\u00dfes \u00fcberlegt!<\/p>\n<p>&#8211; eigenes Banner gestalten<\/p>\n<p>&#8211; eigenen Aufn\u00e4her designen<\/p>\n<p>&#8211; lernen wie man eine Jurte aufbaut<\/p>\n<p>&#8211; K\u00fcrbisse schnitzen<\/p>\n<p>&#8211; Pl\u00e4tzchen backen f\u00fcr unsere eigene Weihnachtsfeier<\/p>\n<p>Und nat\u00fcrlich noch vieles mehr!<\/p>\n<p>&nbsp;<\/p>\n<p>Wer interesse hat sich uns anzuschlie\u00dfen kann dies gerne tun!<\/p>\n","protected":false},"excerpt":{"rendered":"<p>W\u00f6lflinge &nbsp; Geplante Aktionen f\u00fcr 2011\/2012 F\u00fcr folgende Gruppenstunden haben wir uns gro\u00dfes \u00fcberlegt! &#8211; eigenes Banner gestalten &#8211; eigenen Aufn\u00e4her designen &#8211; lernen wie man eine Jurte aufbaut &#8211;&#8230;<\/p>\n","protected":false},"author":1,"featured_media":0,"parent":2495,"menu_order":100,"comment_status":"closed","ping_status":"closed","template":"","meta":{"ngg_post_thumbnail":0,"footnotes":""},"class_list":["post-19","page","type-page","status-publish","hentry"],"_links":{"self":[{"href":"https:\/\/dpsg-welver.de\/index.php?rest_route=\/wp\/v2\/pages\/19","targetHints":{"allow":["GET"]}}],"collection":[{"href":"https:\/\/dpsg-welver.de\/index.php?rest_route=\/wp\/v2\/pages"}],"about":[{"href":"https:\/\/dpsg-welver.de\/index.php?rest_route=\/wp\/v2\/types\/page"}],"author":[{"embeddable":true,"href":"https:\/\/dpsg-welver.de\/index.php?rest_route=\/wp\/v2\/users\/1"}],"replies":[{"embeddable":true,"href":"https:\/\/dpsg-welver.de\/index.php?rest_route=%2Fwp%2Fv2%2Fcomments&post=19"}],"version-history":[{"count":0,"href":"https:\/\/dpsg-welver.de\/index.php?rest_route=\/wp\/v2\/pages\/19\/revisions"}],"up":[{"embeddable":true,"href":"https:\/\/dpsg-welver.de\/index.php?rest_route=\/wp\/v2\/pages\/2495"}],"wp:attachment":[{"href":"https:\/\/dpsg-welver.de\/index.php?rest_route=%2Fwp%2Fv2%2Fmedia&parent=19"}],"curies":[{"name":"wp","href":"https:\/\/api.w.org\/{rel}","templated":true}]}}